{"id":76,"date":"2015-11-17T20:15:46","date_gmt":"2015-11-17T20:15:46","guid":{"rendered":"http:\/\/phillipreeve.de\/blog\/?page_id=76"},"modified":"2015-11-17T20:32:29","modified_gmt":"2015-11-17T20:32:29","slug":"76-2","status":"publish","type":"page","link":"http:\/\/phillipreeve.de\/blog\/76-2\/","title":{"rendered":"\u00dcber mich"},"content":{"rendered":"<header class=\"entry-header\">\n<h1 class=\"entry-title\">Zur Person<\/h1>\n<\/header>\n<div class=\"entry-content\">\n<p>Kurz zu meiner Person: Ich bin Student, mitte Zwanzig und fotografiere seit ich 16 bin leidenschaftlich gern. Am liebsten Motive aus der Natur im sch\u00f6nsten Licht. Meine Bilder findet ihr <a href=\"https:\/\/www.flickr.com\/photos\/birnenbaumgarten\/\" target=\"_blank\">auf flickr<\/a>.<br \/>\nGleichzeitig lasse ich mich leicht f\u00fcr Technik begeistern. Mit der Fotografie als solcher hat das zwar ehr wenig zu tun, da ich daran aber gro\u00dfen Spa\u00df habe sehe ich darin keinen Schaden und habe st\u00e4ndig neue Objektive zum Testen da.<\/p>\n<p>Dieses blog ist noch jung, mein englischsprachiges blog <a href=\"http:\/\/phillipreeve.net\/\" target=\"_blank\">phillipreeve.net<\/a> besteht schon eine Weile und hat viele Inhalte, welche ich St\u00fcck f\u00fcr St\u00fcck \u00fcbersetzen und hier ver\u00f6ffentlichen werde.<\/p>\n<p>Bei Fragen kann man mir <strong>gerne eine Mail<\/strong>\u00a0 an <em>reeve.phillip@gmail.com<\/em> schreiben, ich bem\u00fche mich jede zu beantworten, es kann aber passieren das Mails im Spam Filter h\u00e4ngen bleiben, oder dass ich mal eine \u00fcbersehe, dann einfach noch ein zweites mal schicken oder hier einen Kommentar hinterlassen.<\/p>\n<h1>Mein blog unterst\u00fctzen<\/h1>\n<p>Da ich mehrfach gefragt wurde: Wenn ihr meine Arbeit hier oder in Foren unterst\u00fctzen wollt freue ich mich da sehr dr\u00fcber.<\/p>\n<p>Es gibt verschiedene Wege, wie ihr mir helfen k\u00f6nnt:<\/p>\n<ol>\n<li><strong>Erz\u00e4hlt anderen von meinem blog und setzt links auf Artikel.\u00a0<\/strong>Dies hilft mir doppelt: zum Einen kommen so direkt Besucher auf meine Webseite, es verbessert aber auch meine Position in den\u00a0google Suchergebnissen.<\/li>\n<li><strong>Benutzt meinen <a href=\"http:\/\/www.amazon.de\/?_encoding=UTF8&amp;camp=1638&amp;creative=19454&amp;linkCode=ur2&amp;site-redirect=de&amp;tag=phillipreeven-21\" target=\"_blank\">Affiliate Link<\/a><\/strong> wenn ihr etwas bei <a href=\"http:\/\/www.amazon.de\/?_encoding=UTF8&amp;camp=1638&amp;creative=19454&amp;linkCode=ur2&amp;site-redirect=de&amp;tag=phillipreeven-21\" target=\"_blank\">Amazon.de <\/a>bestellt. Ich bekomme dann eine Umsatzbeteiligung, ohne dass f\u00fcr euch Mehrkosten entstehen. Was ihr bestellt ist dabei egal.<\/li>\n<li>Ihr k\u00f6nnt mir auch<strong> direkt per paypal \u00a0Spenden<\/strong> senden:<input alt=\"Jetzt einfach, schnell und sicher online bezahlen \u2013 mit PayPal.\" name=\"submit\" src=\"https:\/\/www.paypalobjects.com\/de_DE\/DE\/i\/btn\/btn_donateCC_LG.gif\" type=\"image\" \/><\/li>\n<\/ol>\n<p>Dankesch\u00f6n!<\/p>\n<\/div>\n","protected":false},"excerpt":{"rendered":"<p>Zur Person Kurz zu meiner Person: Ich bin Student, mitte Zwanzig und fotografiere seit ich 16 bin leidenschaftlich gern. Am liebsten Motive aus der Natur im sch\u00f6nsten Licht. Meine Bilder findet ihr auf flickr. Gleichzeitig lasse ich mich leicht f\u00fcr Technik begeistern. Mit der Fotografie als solcher hat das zwar ehr wenig zu tun, da &hellip; <a href=\"http:\/\/phillipreeve.de\/blog\/76-2\/\" class=\"more-link\"><span class=\"screen-reader-text\">\u00dcber mich<\/span> weiterlesen <span class=\"meta-nav\">&rarr;<\/span><\/a><\/p>\n","protected":false},"author":1,"featured_media":0,"parent":0,"menu_order":2,"comment_status":"closed","ping_status":"closed","template":"","meta":{"_mi_skip_tracking":false},"yoast_head":"<!-- This site is optimized with the Yoast SEO plugin v17.8 - https:\/\/yoast.com\/wordpress\/plugins\/seo\/ -->\n<meta name=\"robots\" content=\"index, follow, max-snippet:-1, max-image-preview:large, max-video-preview:-1\" \/>\n<link rel=\"canonical\" href=\"http:\/\/phillipreeve.de\/blog\/76-2\/\" \/>\n<meta property=\"og:locale\" content=\"de_DE\" \/>\n<meta property=\"og:type\" content=\"article\" \/>\n<meta property=\"og:title\" content=\"\u00dcber mich - phillipreeve.de\" \/>\n<meta property=\"og:description\" content=\"Zur Person Kurz zu meiner Person: Ich bin Student, mitte Zwanzig und fotografiere seit ich 16 bin leidenschaftlich gern. Am liebsten Motive aus der Natur im sch\u00f6nsten Licht. Meine Bilder findet ihr auf flickr. Gleichzeitig lasse ich mich leicht f\u00fcr Technik begeistern. Mit der Fotografie als solcher hat das zwar ehr wenig zu tun, da &hellip; \u00dcber mich weiterlesen &rarr;\" \/>\n<meta property=\"og:url\" content=\"http:\/\/phillipreeve.de\/blog\/76-2\/\" \/>\n<meta property=\"og:site_name\" content=\"phillipreeve.de\" \/>\n<meta property=\"article:modified_time\" content=\"2015-11-17T20:32:29+00:00\" \/>\n<meta name=\"twitter:card\" content=\"summary\" \/>\n<meta name=\"twitter:label1\" content=\"Gesch\u00e4tzte Lesezeit\" \/>\n\t<meta name=\"twitter:data1\" content=\"1\u00a0Minute\" \/>\n<script type=\"application\/ld+json\" class=\"yoast-schema-graph\">{\"@context\":\"https:\/\/schema.org\",\"@graph\":[{\"@type\":\"WebSite\",\"@id\":\"http:\/\/phillipreeve.de\/blog\/#website\",\"url\":\"http:\/\/phillipreeve.de\/blog\/\",\"name\":\"phillipreeve.de\",\"description\":\"Alpha Kameras und manuelle Objektive\",\"potentialAction\":[{\"@type\":\"SearchAction\",\"target\":{\"@type\":\"EntryPoint\",\"urlTemplate\":\"http:\/\/phillipreeve.de\/blog\/?s={search_term_string}\"},\"query-input\":\"required name=search_term_string\"}],\"inLanguage\":\"de\"},{\"@type\":\"WebPage\",\"@id\":\"http:\/\/phillipreeve.de\/blog\/76-2\/#webpage\",\"url\":\"http:\/\/phillipreeve.de\/blog\/76-2\/\",\"name\":\"\\u00dcber mich - phillipreeve.de\",\"isPartOf\":{\"@id\":\"http:\/\/phillipreeve.de\/blog\/#website\"},\"datePublished\":\"2015-11-17T20:15:46+00:00\",\"dateModified\":\"2015-11-17T20:32:29+00:00\",\"breadcrumb\":{\"@id\":\"http:\/\/phillipreeve.de\/blog\/76-2\/#breadcrumb\"},\"inLanguage\":\"de\",\"potentialAction\":[{\"@type\":\"ReadAction\",\"target\":[\"http:\/\/phillipreeve.de\/blog\/76-2\/\"]}]},{\"@type\":\"BreadcrumbList\",\"@id\":\"http:\/\/phillipreeve.de\/blog\/76-2\/#breadcrumb\",\"itemListElement\":[{\"@type\":\"ListItem\",\"position\":1,\"name\":\"Home\",\"item\":\"http:\/\/phillipreeve.de\/blog\/\"},{\"@type\":\"ListItem\",\"position\":2,\"name\":\"\\u00dcber mich\"}]}]}<\/script>\n<!-- \/ Yoast SEO plugin. -->","yoast_head_json":{"robots":{"index":"index","follow":"follow","max-snippet":"max-snippet:-1","max-image-preview":"max-image-preview:large","max-video-preview":"max-video-preview:-1"},"canonical":"http:\/\/phillipreeve.de\/blog\/76-2\/","og_locale":"de_DE","og_type":"article","og_title":"\u00dcber mich - phillipreeve.de","og_description":"Zur Person Kurz zu meiner Person: Ich bin Student, mitte Zwanzig und fotografiere seit ich 16 bin leidenschaftlich gern. Am liebsten Motive aus der Natur im sch\u00f6nsten Licht. Meine Bilder findet ihr auf flickr. Gleichzeitig lasse ich mich leicht f\u00fcr Technik begeistern. Mit der Fotografie als solcher hat das zwar ehr wenig zu tun, da &hellip; \u00dcber mich weiterlesen &rarr;","og_url":"http:\/\/phillipreeve.de\/blog\/76-2\/","og_site_name":"phillipreeve.de","article_modified_time":"2015-11-17T20:32:29+00:00","twitter_card":"summary","twitter_misc":{"Gesch\u00e4tzte Lesezeit":"1\u00a0Minute"},"schema":{"@context":"https:\/\/schema.org","@graph":[{"@type":"WebSite","@id":"http:\/\/phillipreeve.de\/blog\/#website","url":"http:\/\/phillipreeve.de\/blog\/","name":"phillipreeve.de","description":"Alpha Kameras und manuelle Objektive","potentialAction":[{"@type":"SearchAction","target":{"@type":"EntryPoint","urlTemplate":"http:\/\/phillipreeve.de\/blog\/?s={search_term_string}"},"query-input":"required name=search_term_string"}],"inLanguage":"de"},{"@type":"WebPage","@id":"http:\/\/phillipreeve.de\/blog\/76-2\/#webpage","url":"http:\/\/phillipreeve.de\/blog\/76-2\/","name":"\u00dcber mich - phillipreeve.de","isPartOf":{"@id":"http:\/\/phillipreeve.de\/blog\/#website"},"datePublished":"2015-11-17T20:15:46+00:00","dateModified":"2015-11-17T20:32:29+00:00","breadcrumb":{"@id":"http:\/\/phillipreeve.de\/blog\/76-2\/#breadcrumb"},"inLanguage":"de","potentialAction":[{"@type":"ReadAction","target":["http:\/\/phillipreeve.de\/blog\/76-2\/"]}]},{"@type":"BreadcrumbList","@id":"http:\/\/phillipreeve.de\/blog\/76-2\/#breadcrumb","itemListElement":[{"@type":"ListItem","position":1,"name":"Home","item":"http:\/\/phillipreeve.de\/blog\/"},{"@type":"ListItem","position":2,"name":"\u00dcber mich"}]}]}},"_links":{"self":[{"href":"http:\/\/phillipreeve.de\/blog\/wp-json\/wp\/v2\/pages\/76"}],"collection":[{"href":"http:\/\/phillipreeve.de\/blog\/wp-json\/wp\/v2\/pages"}],"about":[{"href":"http:\/\/phillipreeve.de\/blog\/wp-json\/wp\/v2\/types\/page"}],"author":[{"embeddable":true,"href":"http:\/\/phillipreeve.de\/blog\/wp-json\/wp\/v2\/users\/1"}],"replies":[{"embeddable":true,"href":"http:\/\/phillipreeve.de\/blog\/wp-json\/wp\/v2\/comments?post=76"}],"version-history":[{"count":7,"href":"http:\/\/phillipreeve.de\/blog\/wp-json\/wp\/v2\/pages\/76\/revisions"}],"predecessor-version":[{"id":86,"href":"http:\/\/phillipreeve.de\/blog\/wp-json\/wp\/v2\/pages\/76\/revisions\/86"}],"wp:attachment":[{"href":"http:\/\/phillipreeve.de\/blog\/wp-json\/wp\/v2\/media?parent=76"}],"curies":[{"name":"wp","href":"https:\/\/api.w.org\/{rel}","templated":true}]}}